{"id":805,"date":"2023-04-16T11:43:42","date_gmt":"2023-04-16T09:43:42","guid":{"rendered":"https:\/\/www.h2zoservices.fr\/?page_id=805"},"modified":"2023-04-16T11:58:55","modified_gmt":"2023-04-16T09:58:55","slug":"accessibilite","status":"publish","type":"page","link":"https:\/\/www.h2zoservices.fr\/index.php\/accessibilite\/","title":{"rendered":"Accessibilit\u00e9"},"content":{"rendered":"<p>[et_pb_section fb_built=\u00a0\u00bb1&Prime; theme_builder_area=\u00a0\u00bbpost_content\u00a0\u00bb _builder_version=\u00a0\u00bb4.20.4&Prime; _module_preset=\u00a0\u00bbdefault\u00a0\u00bb][et_pb_row _builder_version=\u00a0\u00bb4.20.4&Prime; _module_preset=\u00a0\u00bbdefault\u00a0\u00bb theme_builder_area=\u00a0\u00bbpost_content\u00a0\u00bb][et_pb_column _builder_version=\u00a0\u00bb4.20.4&Prime; _module_preset=\u00a0\u00bbdefault\u00a0\u00bb type=\u00a0\u00bb4_4&Prime; theme_builder_area=\u00a0\u00bbpost_content\u00a0\u00bb][et_pb_text _builder_version=\u00a0\u00bb4.20.4&Prime; _module_preset=\u00a0\u00bbdefault\u00a0\u00bb theme_builder_area=\u00a0\u00bbpost_content\u00a0\u00bb hover_enabled=\u00a0\u00bb0&Prime; sticky_enabled=\u00a0\u00bb0&Prime;]<\/p>\n<div id=\"statement_header\">\n<h1>D\u00e9claration d\u2019accessibilit\u00e9<\/h1>\n<p>\u00c9tablie le<span>\u00a0<\/span><span data-print=\"accstmt_date\" data-printdefault=\"DATE\">16 avril 2023<\/span>.<\/p>\n<p><span data-print=\"accstmt_org\" data-printdefault=\"Notre organisation\">H2Zo services<\/span><span>\u00a0<\/span>s\u2019engage \u00e0 rendre son service accessible, conform\u00e9ment \u00e0 l\u2019article 47 de la loi n\u00b0 2005-102 du 11 f\u00e9vrier 2005.<\/p>\n<p>Cette d\u00e9claration d\u2019accessibilit\u00e9 s\u2019applique \u00e0<span>\u00a0<\/span><strong data-print=\"accstmt_namesite\" data-printdefault=\"ce service\">h2zoservices.fr<\/strong>.<\/p>\n<\/div>\n<div id=\"statement-conformance\" data-if=\"accstmnt_conformance\">\n<h2>\u00c9tat de conformit\u00e9<\/h2>\n<p><strong data-print=\"accstmt_namesite\" data-printdefault=\"Notre site\">h2zoservices.fr<\/strong><span>\u00a0<\/span>est<span>\u00a0<\/span><strong><span data-print=\"accstmnt_conformance\" data-printfilter=\"lowercase\">non conforme<\/span><\/strong><span>\u00a0<\/span>avec le<span>\u00a0<\/span><abbr title=\"R\u00e9f\u00e9rentiel g\u00e9n\u00e9ral d\u2019am\u00e9lioration de l\u2019accessibilit\u00e9\">RGAA<\/abbr>.<span>\u00a0<\/span><span data-print=\"accstmnt_conformance_meaning\">Le site n\u2019a encore pas \u00e9t\u00e9 audit\u00e9.<\/span><\/p>\n<\/div>\n<h2>Contenus non accessibles<\/h2>\n<div data-if=\"accstmnt_contact_phone, accstmnt_contact_email, accstmnt_contact_form, accstmnt_contact_visit, accstmnt_contact_other\">\n<h2>Am\u00e9lioration et contact<\/h2>\n<p>Si vous n\u2019arrivez pas \u00e0 acc\u00e9der \u00e0 un contenu ou \u00e0 un service, vous pouvez contacter le responsable de<span>\u00a0<\/span><span data-print=\"accstmt_namesite\" data-printdefault=\"ce service\">h2zoservices.fr<\/span><span>\u00a0<\/span>pour \u00eatre orient\u00e9 vers une alternative accessible ou obtenir le contenu sous une autre forme.<\/p>\n<ul class=\"basic-information feedback h-card\">\n<li data-if=\"accstmnt_contact_phone\">T\u00e9l\u00e9phone\u00a0:<span>\u00a0<\/span><span data-print=\"accstmnt_contact_phone\">06.77.77.68.54<\/span><\/li>\n<li data-if=\"accstmnt_contact_email\">E-mail\u00a0:<span>\u00a0<\/span><a href=\"mailto:h2zoservices@orange.frh2zoservices@orange.frh2zoservices@orange.fr\" data-print=\"accstmnt_contact_email\">h2zoservices@orange.fr<\/a><\/li>\n<li data-if=\"accstmnt_contact_visit\">Adresse\u00a0:<span>\u00a0<\/span><span data-print=\"accstmnt_contact_visit\">10 rue du 14 juillet<\/span><\/li>\n<\/ul>\n<p data-if=\"accstmnt_contact_responsetime\">Nous essayons de r\u00e9pondre dans les<span>\u00a0<\/span><span data-print=\"accstmnt_contact_responsetime\">2 jours ouvr\u00e9s<\/span>.<\/p>\n<\/div>\n<div>\n<h2>Voie de recours<\/h2>\n<p>Cette proc\u00e9dure est \u00e0 utiliser dans le cas suivant\u00a0: vous avez signal\u00e9 au responsable du site internet un d\u00e9faut d\u2019accessibilit\u00e9 qui vous emp\u00eache d\u2019acc\u00e9der \u00e0 un contenu ou \u00e0 un des services du portail et vous n\u2019avez pas obtenu de r\u00e9ponse satisfaisante.<\/p>\n<p>Vous pouvez\u00a0:<\/p>\n<ul>\n<li>\u00c9crire un message au<span>\u00a0<\/span><a href=\"https:\/\/formulaire.defenseurdesdroits.fr\/\">D\u00e9fenseur des droits<\/a><\/li>\n<li>Contacter<span>\u00a0<\/span><a href=\"https:\/\/www.defenseurdesdroits.fr\/saisir\/delegues\">le d\u00e9l\u00e9gu\u00e9 du D\u00e9fenseur des droits dans votre r\u00e9gion<\/a><\/li>\n<li>Envoyer un courrier par la poste (gratuit, ne pas mettre de timbre)\u00a0:<br \/>D\u00e9fenseur des droits<br \/>Libre r\u00e9ponse 71120 75342 Paris CEDEX 07<\/li>\n<\/ul>\n<\/div>\n<hr \/>\n<p>Cette d\u00e9claration d\u2019accessibilit\u00e9 a \u00e9t\u00e9 cr\u00e9\u00e9 le<span>\u00a0<\/span><span data-print=\"accstmt_date\" data-printdefault=\"DATE\">16 avril 2023<\/span><span>\u00a0<\/span>gr\u00e2ce au<span>\u00a0<\/span><a href=\"https:\/\/betagouv.github.io\/a11y-generateur-declaration\/#create\">G\u00e9n\u00e9rateur de D\u00e9claration d\u2019Accessibilit\u00e9 de BetaGouv<\/a>.<\/p>\n<p>[\/et_pb_text][\/et_pb_column][\/et_pb_row][\/et_pb_section]<\/p>\n","protected":false},"excerpt":{"rendered":"<p>D\u00e9claration d\u2019accessibilit\u00e9 \u00c9tablie le\u00a016 avril 2023. H2Zo services\u00a0s\u2019engage \u00e0 rendre son service accessible, conform\u00e9ment \u00e0 l\u2019article 47 de la loi n\u00b0 2005-102 du 11 f\u00e9vrier 2005. Cette d\u00e9claration d\u2019accessibilit\u00e9 s\u2019applique \u00e0\u00a0h2zoservices.fr. \u00c9tat de conformit\u00e9 h2zoservices.fr\u00a0est\u00a0non conforme\u00a0avec le\u00a0RGAA.\u00a0Le site n\u2019a encore pas \u00e9t\u00e9 audit\u00e9. Contenus non accessibles Am\u00e9lioration et contact Si vous n\u2019arrivez pas \u00e0 acc\u00e9der [&hellip;]<\/p>\n","protected":false},"author":1,"featured_media":0,"parent":0,"menu_order":0,"comment_status":"closed","ping_status":"closed","template":"","meta":{"_et_pb_use_builder":"on","_et_pb_old_content":"","_et_gb_content_width":"","footnotes":""},"class_list":["post-805","page","type-page","status-publish","hentry"],"yoast_head":"<!-- This site is optimized with the Yoast SEO plugin v27.5 - https:\/\/yoast.com\/product\/yoast-seo-wordpress\/ -->\n<title>Accessibilit\u00e9 - H2Zo services<\/title>\n<meta name=\"robots\" content=\"index, follow, max-snippet:-1, max-image-preview:large, max-video-preview:-1\" \/>\n<link rel=\"canonical\" href=\"https:\/\/www.h2zoservices.fr\/index.php\/accessibilite\/\" \/>\n<meta property=\"og:locale\" content=\"fr_FR\" \/>\n<meta property=\"og:type\" content=\"article\" \/>\n<meta property=\"og:title\" content=\"Accessibilit\u00e9 - H2Zo services\" \/>\n<meta property=\"og:description\" content=\"D\u00e9claration d\u2019accessibilit\u00e9 \u00c9tablie le\u00a016 avril 2023. H2Zo services\u00a0s\u2019engage \u00e0 rendre son service accessible, conform\u00e9ment \u00e0 l\u2019article 47 de la loi n\u00b0 2005-102 du 11 f\u00e9vrier 2005. Cette d\u00e9claration d\u2019accessibilit\u00e9 s\u2019applique \u00e0\u00a0h2zoservices.fr. \u00c9tat de conformit\u00e9 h2zoservices.fr\u00a0est\u00a0non conforme\u00a0avec le\u00a0RGAA.\u00a0Le site n\u2019a encore pas \u00e9t\u00e9 audit\u00e9. Contenus non accessibles Am\u00e9lioration et contact Si vous n\u2019arrivez pas \u00e0 acc\u00e9der [&hellip;]\" \/>\n<meta property=\"og:url\" content=\"https:\/\/www.h2zoservices.fr\/index.php\/accessibilite\/\" \/>\n<meta property=\"og:site_name\" content=\"H2Zo services\" \/>\n<meta property=\"article:modified_time\" content=\"2023-04-16T09:58:55+00:00\" \/>\n<meta name=\"twitter:card\" content=\"summary_large_image\" \/>\n<script type=\"application\/ld+json\" class=\"yoast-schema-graph\">{\"@context\":\"https:\\\/\\\/schema.org\",\"@graph\":[{\"@type\":\"WebPage\",\"@id\":\"https:\\\/\\\/www.h2zoservices.fr\\\/index.php\\\/accessibilite\\\/\",\"url\":\"https:\\\/\\\/www.h2zoservices.fr\\\/index.php\\\/accessibilite\\\/\",\"name\":\"Accessibilit\u00e9 - H2Zo services\",\"isPartOf\":{\"@id\":\"https:\\\/\\\/www.h2zoservices.fr\\\/#website\"},\"datePublished\":\"2023-04-16T09:43:42+00:00\",\"dateModified\":\"2023-04-16T09:58:55+00:00\",\"breadcrumb\":{\"@id\":\"https:\\\/\\\/www.h2zoservices.fr\\\/index.php\\\/accessibilite\\\/#breadcrumb\"},\"inLanguage\":\"fr-FR\",\"potentialAction\":[{\"@type\":\"ReadAction\",\"target\":[\"https:\\\/\\\/www.h2zoservices.fr\\\/index.php\\\/accessibilite\\\/\"]}]},{\"@type\":\"BreadcrumbList\",\"@id\":\"https:\\\/\\\/www.h2zoservices.fr\\\/index.php\\\/accessibilite\\\/#breadcrumb\",\"itemListElement\":[{\"@type\":\"ListItem\",\"position\":1,\"name\":\"Home\",\"item\":\"https:\\\/\\\/www.h2zoservices.fr\\\/\"},{\"@type\":\"ListItem\",\"position\":2,\"name\":\"Accessibilit\u00e9\"}]},{\"@type\":\"WebSite\",\"@id\":\"https:\\\/\\\/www.h2zoservices.fr\\\/#website\",\"url\":\"https:\\\/\\\/www.h2zoservices.fr\\\/\",\"name\":\"H2Zo services\",\"description\":\"\",\"potentialAction\":[{\"@type\":\"SearchAction\",\"target\":{\"@type\":\"EntryPoint\",\"urlTemplate\":\"https:\\\/\\\/www.h2zoservices.fr\\\/?s={search_term_string}\"},\"query-input\":{\"@type\":\"PropertyValueSpecification\",\"valueRequired\":true,\"valueName\":\"search_term_string\"}}],\"inLanguage\":\"fr-FR\"}]}<\/script>\n<!-- \/ Yoast SEO plugin. -->","yoast_head_json":{"title":"Accessibilit\u00e9 - H2Zo services","robots":{"index":"index","follow":"follow","max-snippet":"max-snippet:-1","max-image-preview":"max-image-preview:large","max-video-preview":"max-video-preview:-1"},"canonical":"https:\/\/www.h2zoservices.fr\/index.php\/accessibilite\/","og_locale":"fr_FR","og_type":"article","og_title":"Accessibilit\u00e9 - H2Zo services","og_description":"D\u00e9claration d\u2019accessibilit\u00e9 \u00c9tablie le\u00a016 avril 2023. H2Zo services\u00a0s\u2019engage \u00e0 rendre son service accessible, conform\u00e9ment \u00e0 l\u2019article 47 de la loi n\u00b0 2005-102 du 11 f\u00e9vrier 2005. Cette d\u00e9claration d\u2019accessibilit\u00e9 s\u2019applique \u00e0\u00a0h2zoservices.fr. \u00c9tat de conformit\u00e9 h2zoservices.fr\u00a0est\u00a0non conforme\u00a0avec le\u00a0RGAA.\u00a0Le site n\u2019a encore pas \u00e9t\u00e9 audit\u00e9. Contenus non accessibles Am\u00e9lioration et contact Si vous n\u2019arrivez pas \u00e0 acc\u00e9der [&hellip;]","og_url":"https:\/\/www.h2zoservices.fr\/index.php\/accessibilite\/","og_site_name":"H2Zo services","article_modified_time":"2023-04-16T09:58:55+00:00","twitter_card":"summary_large_image","schema":{"@context":"https:\/\/schema.org","@graph":[{"@type":"WebPage","@id":"https:\/\/www.h2zoservices.fr\/index.php\/accessibilite\/","url":"https:\/\/www.h2zoservices.fr\/index.php\/accessibilite\/","name":"Accessibilit\u00e9 - H2Zo services","isPartOf":{"@id":"https:\/\/www.h2zoservices.fr\/#website"},"datePublished":"2023-04-16T09:43:42+00:00","dateModified":"2023-04-16T09:58:55+00:00","breadcrumb":{"@id":"https:\/\/www.h2zoservices.fr\/index.php\/accessibilite\/#breadcrumb"},"inLanguage":"fr-FR","potentialAction":[{"@type":"ReadAction","target":["https:\/\/www.h2zoservices.fr\/index.php\/accessibilite\/"]}]},{"@type":"BreadcrumbList","@id":"https:\/\/www.h2zoservices.fr\/index.php\/accessibilite\/#breadcrumb","itemListElement":[{"@type":"ListItem","position":1,"name":"Home","item":"https:\/\/www.h2zoservices.fr\/"},{"@type":"ListItem","position":2,"name":"Accessibilit\u00e9"}]},{"@type":"WebSite","@id":"https:\/\/www.h2zoservices.fr\/#website","url":"https:\/\/www.h2zoservices.fr\/","name":"H2Zo services","description":"","potentialAction":[{"@type":"SearchAction","target":{"@type":"EntryPoint","urlTemplate":"https:\/\/www.h2zoservices.fr\/?s={search_term_string}"},"query-input":{"@type":"PropertyValueSpecification","valueRequired":true,"valueName":"search_term_string"}}],"inLanguage":"fr-FR"}]}},"_links":{"self":[{"href":"https:\/\/www.h2zoservices.fr\/index.php\/wp-json\/wp\/v2\/pages\/805","targetHints":{"allow":["GET"]}}],"collection":[{"href":"https:\/\/www.h2zoservices.fr\/index.php\/wp-json\/wp\/v2\/pages"}],"about":[{"href":"https:\/\/www.h2zoservices.fr\/index.php\/wp-json\/wp\/v2\/types\/page"}],"author":[{"embeddable":true,"href":"https:\/\/www.h2zoservices.fr\/index.php\/wp-json\/wp\/v2\/users\/1"}],"replies":[{"embeddable":true,"href":"https:\/\/www.h2zoservices.fr\/index.php\/wp-json\/wp\/v2\/comments?post=805"}],"version-history":[{"count":3,"href":"https:\/\/www.h2zoservices.fr\/index.php\/wp-json\/wp\/v2\/pages\/805\/revisions"}],"predecessor-version":[{"id":811,"href":"https:\/\/www.h2zoservices.fr\/index.php\/wp-json\/wp\/v2\/pages\/805\/revisions\/811"}],"wp:attachment":[{"href":"https:\/\/www.h2zoservices.fr\/index.php\/wp-json\/wp\/v2\/media?parent=805"}],"curies":[{"name":"wp","href":"https:\/\/api.w.org\/{rel}","templated":true}]}}